{"id":2848,"date":"2019-03-28T15:03:19","date_gmt":"2019-03-28T15:03:19","guid":{"rendered":"http:\/\/demo2.drfuri.com\/martfury17\/?post_type=product&amp;p=2848"},"modified":"2019-03-28T15:03:19","modified_gmt":"2019-03-28T15:03:19","slug":"afe-dfs780-diesel-fuel-system-2","status":"publish","type":"product","link":"https:\/\/rhundo.com\/es\/producto\/afe-dfs780-diesel-fuel-system-2\/","title":{"rendered":"aFe - DFS780 Sistema de Combustible Diesel"},"content":{"rendered":"<p>[vc_row][vc_column][vc_custom_heading text=&#8221;Embodying the Raw, Wayward Spirit of Rock &#8216;N&#8217; Roll&#8221; font_container=&#8221;tag:h2|font_size:16|text_align:left&#8221; use_theme_fonts=&#8221;yes&#8221; el_class=&#8221;semibold&#8221;][vc_column_text]Embodying the raw, wayward spirit of rock &#8216;n&#8217; roll, the Kilburn portable active stereo speaker takes the unmistakable look and sound of Marshall, unplugs the chords, and takes the show on the road.<\/p>\n<p>Weighing in under 7 pounds, the Kilburn is a lightweight piece of vintage styled engineering. Setting the bar as one of the loudest speakers in its class, the Kilburn is a compact, stout-hearted hero with a well-balanced audio which boasts a clear midrange and extended highs for a sound that is both articulate and pronounced. The analogue knobs allow you to fine tune the controls to your personal preferences while the guitar-influenced leather strap enables easy and stylish travel.[\/vc_column_text][\/vc_column][\/vc_row][vc_row css=&#8221;.vc_custom_1513651159719{margin-top: 20px !important;margin-bottom: 20px !important;}&#8221;][vc_column][martfury_single_image image=&#8221;2702&#8243; image_size=&#8221;full&#8221;][\/vc_column][\/vc_row][vc_row][vc_column][vc_custom_heading text=&#8221;What do you get&#8221; font_container=&#8221;tag:h2|font_size:16|text_align:left&#8221; use_theme_fonts=&#8221;yes&#8221; el_class=&#8221;semibold&#8221;][vc_column_text]Sound of Marshall, unplugs the chords, and takes the show on the road.<br \/>\nCon un peso inferior a 7 libras, el Kilburn es una pieza ligera de ingenier\u00eda de estilo vintage. Estableciendo el list\u00f3n como uno de los altavoces m\u00e1s altos de su clase, el Kilburn es un h\u00e9roe compacto y robusto con un audio bien equilibrado que cuenta con un rango medio claro y agudos extendidos para un sonido que es a la vez articulado y pronunciado. Los mandos anal\u00f3gicos le permiten ajustar los controles a sus preferencias personales, mientras que la correa de cuero con influencia de guitarra le permite viajar con facilidad y estilo.<\/p>\n<p>The FM radio is perhaps gone for good, the assumption apparently being that the jury has ruled in favor of streaming over the internet. The IR blaster is another feature due for retirement \u2013 the S6 had it, then the Note5 didn\u2019t, and now with the S7 the trend is clear.[\/vc_column_text][\/vc_column][\/vc_row][vc_row][vc_column][vc_custom_heading text=&#8221;Perfectly Done&#8221; font_container=&#8221;tag:h2|font_size:16|text_align:left&#8221; use_theme_fonts=&#8221;yes&#8221; el_class=&#8221;semibold&#8221;][vc_column_text]Meanwhile, the IP68 water resistance has improved from the S5, allowing submersion of up to five feet for 30 minutes, plus there\u2019s no annoying flap covering the charging port<\/p>\n<ul>\n<li>Sin radio FM (excepto en las unidades de T-Mobile en EE.UU., de momento).<\/li>\n<li>Sin emisor de infrarrojos<\/li>\n<li>Sin altavoces est\u00e9reo<\/li>\n<\/ul>\n<p>Si te has metido el tel\u00e9fono en la ba\u00f1era, tendr\u00e1s que secar el puerto de carga antes de enchufarlo. Samsung no ha reinventado la rueda con el dise\u00f1o del Galaxy S7, pero no le hac\u00eda falta. El Gala S6 era un dispositivo con un estilo excelente, y el S7 ha conseguido mejorarlo[\/vc_column_text][\/vc_column][\/vc_row]<\/p>","protected":false},"excerpt":{"rendered":"<ul>\n<li>Altavoz est\u00e9reo activo, port\u00e1til y sin restricciones<\/li>\n<li>Libre de los confines de cables y acordes<\/li>\n<li>20 horas de funciones port\u00e1tiles<\/li>\n<li>Cable en espiral de doble extremo con clavijas est\u00e9reo de 3,5 mm incluidas<\/li>\n<li>Tweeters de c\u00fapula de 3\/4\u2033: 2X y woofer de 4\u2033: 1X<\/li>\n<\/ul>","protected":false},"featured_media":4100,"comment_status":"open","ping_status":"closed","template":"","meta":[],"product_cat":[92],"product_tag":[36,67],"class_list":{"0":"post-2848","1":"product","2":"type-product","3":"status-publish","4":"has-post-thumbnail","6":"product_cat-other-digital-gadgets","7":"product_tag-accessories","8":"product_tag-performance","10":"first","11":"instock","12":"shipping-taxable","13":"purchasable","14":"product-type-simple","15":"col-xs-6 col-sm-4","16":"col-md-3 col-lg-3","17":"un-4-cols"},"_links":{"self":[{"href":"https:\/\/rhundo.com\/es\/wp-json\/wp\/v2\/product\/2848","targetHints":{"allow":["GET"]}}],"collection":[{"href":"https:\/\/rhundo.com\/es\/wp-json\/wp\/v2\/product"}],"about":[{"href":"https:\/\/rhundo.com\/es\/wp-json\/wp\/v2\/types\/product"}],"replies":[{"embeddable":true,"href":"https:\/\/rhundo.com\/es\/wp-json\/wp\/v2\/comments?post=2848"}],"wp:featuredmedia":[{"embeddable":true,"href":"https:\/\/rhundo.com\/es\/wp-json\/wp\/v2\/media\/4100"}],"wp:attachment":[{"href":"https:\/\/rhundo.com\/es\/wp-json\/wp\/v2\/media?parent=2848"}],"wp:term":[{"taxonomy":"product_cat","embeddable":true,"href":"https:\/\/rhundo.com\/es\/wp-json\/wp\/v2\/product_cat?post=2848"},{"taxonomy":"product_tag","embeddable":true,"href":"https:\/\/rhundo.com\/es\/wp-json\/wp\/v2\/product_tag?post=2848"}],"curies":[{"name":"wp","href":"https:\/\/api.w.org\/{rel}","templated":true}]}}