{"id":79,"date":"2013-06-07T11:29:44","date_gmt":"2013-06-07T11:29:44","guid":{"rendered":"http:\/\/demo.woothemes.com\/woocommerce\/?post_type=product&amp;p=79"},"modified":"2025-01-07T15:24:55","modified_gmt":"2025-01-07T15:24:55","slug":"achilles-desert-hawk-x-mt-all-terrain-radial-tire","status":"publish","type":"product","link":"https:\/\/rhundo.com\/es\/producto\/achilles-desert-hawk-x-mt-all-terrain-radial-tire\/","title":{"rendered":"Neum\u00e1tico radial todo terreno Achilles Desert Hawk X-MT"},"content":{"rendered":"<h4 style=\"font-size: 16px; font-weight: 600;\">Encarnando el esp\u00edritu crudo y rebelde del Rock 'N' Roll<\/h4>\n<p>Encarnando el esp\u00edritu crudo y caprichoso del rock 'n' roll, el altavoz est\u00e9reo activo port\u00e1til Kilburn toma el aspecto y el sonido inconfundibles de Marshall, desenchufa los acordes y se lleva el espect\u00e1culo a la carretera.<\/p>\n<p>Con un peso inferior a 7 libras, el Kilburn es una pieza ligera de ingenier\u00eda de estilo vintage. Estableciendo el list\u00f3n como uno de los altavoces m\u00e1s altos de su clase, el Kilburn es un h\u00e9roe compacto y robusto con un audio bien equilibrado que cuenta con un rango medio claro y agudos extendidos para un sonido que es a la vez articulado y pronunciado. Los mandos anal\u00f3gicos le permiten ajustar los controles a sus preferencias personales, mientras que la correa de cuero con influencia de guitarra le permite viajar con facilidad y estilo.<\/p>\n<p><a href=\"https:\/\/drfuri-demo-images.s3-us-west-1.amazonaws.com\/martfury\/electronic\/images\/p1.jpg\" target=\"_blank\" rel=\"noopener\"><img fetchpriority=\"high\" decoding=\"async\" class=\"alignnone wp-image-1964 size-full\" src=\"https:\/\/drfuri-demo-images.s3-us-west-1.amazonaws.com\/martfury\/electronic\/images\/p1.jpg\" alt=\"\" width=\"1170\" height=\"363\" \/><\/a><\/p>\n<h4 style=\"font-size: 16px; font-weight: 600;\">\u00bfQu\u00e9 obtienes?<\/h4>\n<p>Sound of Marshall, desenchufa los acordes y se lleva el espect\u00e1culo a la carretera.<br \/>\nCon un peso inferior a 7 libras, el Kilburn es una pieza ligera de ingenier\u00eda de estilo vintage. Estableciendo el list\u00f3n como uno de los altavoces m\u00e1s altos de su clase, el Kilburn es un h\u00e9roe compacto y robusto con un audio bien equilibrado que cuenta con un rango medio claro y agudos extendidos para un sonido que es a la vez articulado y pronunciado. Los mandos anal\u00f3gicos le permiten ajustar los controles a sus preferencias personales, mientras que la correa de cuero con influencia de guitarra le permite viajar con facilidad y estilo.<\/p>\n<p>Puede que la radio FM haya desaparecido para siempre, ya que parece que el jurado se ha decantado por el streaming a trav\u00e9s de Internet. El emisor de infrarrojos es otra caracter\u00edstica que se jubila: el S6 lo ten\u00eda, el Note5 no, y ahora con el S7 la tendencia es clara.<\/p>\n<h4 style=\"font-size: 16px; font-weight: 600;\">Perfectamente hecho<\/h4>\n<p>Por su parte, la resistencia al agua IP68 ha mejorado respecto al S5, permitiendo sumergirlo hasta metro y medio durante 30 minutos, adem\u00e1s de no tener la molesta tapa que cubre el puerto de carga.<\/p>\n<ul>\n<li>Sin radio FM (excepto en las unidades de T-Mobile en EE.UU., de momento).<\/li>\n<li>Sin emisor de infrarrojos<\/li>\n<li>Sin altavoces est\u00e9reo<\/li>\n<\/ul>\n<p>Si te has metido el tel\u00e9fono en la ba\u00f1era, tendr\u00e1s que secar el puerto de carga antes de enchufarlo. Samsung no ha reinventado la rueda con el dise\u00f1o del Galaxy S7, pero no le hac\u00eda falta. El Gala S6 era un dispositivo con un estilo excelente, y el S7 ha conseguido mejorarlo.<\/p>","protected":false},"excerpt":{"rendered":"<ul>\n<li>Altavoz est\u00e9reo activo, port\u00e1til y sin restricciones<\/li>\n<li>Libre de los confines de cables y acordes<\/li>\n<li>20 horas de funciones port\u00e1tiles<\/li>\n<li>Cable en espiral de doble extremo con clavijas est\u00e9reo de 3,5 mm incluidas<\/li>\n<li>Tweeters de c\u00fapula de 3\/4\u2033: 2X y woofer de 4\u2033: 1X<\/li>\n<\/ul>","protected":false},"featured_media":4099,"comment_status":"open","ping_status":"closed","template":"","meta":[],"product_cat":[92],"product_tag":[],"class_list":{"0":"post-79","1":"product","2":"type-product","3":"status-publish","4":"has-post-thumbnail","6":"product_cat-other-digital-gadgets","8":"first","9":"instock","10":"shipping-taxable","11":"purchasable","12":"product-type-simple","13":"col-xs-6 col-sm-4","14":"col-md-3 col-lg-3","15":"un-4-cols"},"_links":{"self":[{"href":"https:\/\/rhundo.com\/es\/wp-json\/wp\/v2\/product\/79","targetHints":{"allow":["GET"]}}],"collection":[{"href":"https:\/\/rhundo.com\/es\/wp-json\/wp\/v2\/product"}],"about":[{"href":"https:\/\/rhundo.com\/es\/wp-json\/wp\/v2\/types\/product"}],"replies":[{"embeddable":true,"href":"https:\/\/rhundo.com\/es\/wp-json\/wp\/v2\/comments?post=79"}],"wp:featuredmedia":[{"embeddable":true,"href":"https:\/\/rhundo.com\/es\/wp-json\/wp\/v2\/media\/4099"}],"wp:attachment":[{"href":"https:\/\/rhundo.com\/es\/wp-json\/wp\/v2\/media?parent=79"}],"wp:term":[{"taxonomy":"product_cat","embeddable":true,"href":"https:\/\/rhundo.com\/es\/wp-json\/wp\/v2\/product_cat?post=79"},{"taxonomy":"product_tag","embeddable":true,"href":"https:\/\/rhundo.com\/es\/wp-json\/wp\/v2\/product_tag?post=79"}],"curies":[{"name":"wp","href":"https:\/\/api.w.org\/{rel}","templated":true}]}}