{"id":2841,"date":"2019-03-02T12:35:16","date_gmt":"2019-03-02T12:35:16","guid":{"rendered":"http:\/\/demo2.drfuri.com\/martfury17\/shop\/recaro-original-fd2r\/"},"modified":"2019-03-02T12:35:16","modified_gmt":"2019-03-02T12:35:16","slug":"recaro-original-fd2r","status":"publish","type":"product","link":"https:\/\/rhundo.com\/pt\/produto\/recaro-original-fd2r\/","title":{"rendered":"Recaro Original FD2R"},"content":{"rendered":"<h4 style=\"font-size: 16px; font-weight: 600;\">Incorporando o esp\u00edrito bruto e rebelde do Rock 'N' Roll<\/h4>\n<p>Encarnando o esp\u00edrito cru e rebelde do rock 'n' roll, o alto-falante est\u00e9reo ativo port\u00e1til Kilburn usa o visual e o som inconfund\u00edveis da Marshall, desconecta os acordes e leva o show para a estrada.<\/p>\n<p>Pesando menos de 2,5 kg, o Kilburn \u00e9 uma pe\u00e7a leve de engenharia com estilo vintage. Definindo o padr\u00e3o como um dos alto-falantes mais altos de sua classe, o Kilburn \u00e9 um her\u00f3i compacto e robusto com um \u00e1udio bem equilibrado que apresenta uma faixa m\u00e9dia clara e agudos estendidos para um som articulado e pronunciado. Os bot\u00f5es anal\u00f3gicos permitem o ajuste fino dos controles de acordo com as suas prefer\u00eancias pessoais, enquanto a al\u00e7a de couro com influ\u00eancia de guitarra permite um transporte f\u00e1cil e elegante.<\/p>\n<p><a href=\"https:\/\/drfuri-demo-images.s3-us-west-1.amazonaws.com\/martfury\/electronic\/images\/p1.jpg\" target=\"_blank\" rel=\"noopener\"><img fetchpriority=\"high\" decoding=\"async\" class=\"alignnone wp-image-1964 size-full\" src=\"https:\/\/drfuri-demo-images.s3-us-west-1.amazonaws.com\/martfury\/electronic\/images\/p1.jpg\" alt=\"\" width=\"1170\" height=\"363\" \/><\/a><\/p>\n<h4 style=\"font-size: 16px; font-weight: 600;\">O que voc\u00ea ganha<\/h4>\n<p>Sound of Marshall, desconecta as cordas e leva o show para a estrada.<br \/>\nPesando menos de 2,5 kg, o Kilburn \u00e9 uma pe\u00e7a leve de engenharia com estilo vintage. Definindo o padr\u00e3o como um dos alto-falantes mais altos de sua classe, o Kilburn \u00e9 um her\u00f3i compacto e robusto com um \u00e1udio bem equilibrado que apresenta uma faixa m\u00e9dia clara e agudos estendidos para um som articulado e pronunciado. Os bot\u00f5es anal\u00f3gicos permitem o ajuste fino dos controles de acordo com as suas prefer\u00eancias pessoais, enquanto a al\u00e7a de couro com influ\u00eancia de guitarra permite um transporte f\u00e1cil e elegante.<\/p>\n<p>O r\u00e1dio FM talvez tenha desaparecido para sempre, pois, aparentemente, o j\u00fari decidiu a favor do streaming pela Internet. O IR blaster \u00e9 outro recurso que deve ser aposentado - o S6 o tinha, o Note5 n\u00e3o, e agora, com o S7, a tend\u00eancia \u00e9 clara.<\/p>\n<h4 style=\"font-size: 16px; font-weight: 600;\">Perfeitamente feito<\/h4>\n<p>Enquanto isso, a resist\u00eancia \u00e0 \u00e1gua IP68 foi aprimorada em rela\u00e7\u00e3o ao S5, permitindo a submers\u00e3o de at\u00e9 1,5 metro por 30 minutos, al\u00e9m de n\u00e3o haver uma aba inc\u00f4moda cobrindo a porta de carregamento<\/p>\n<ul>\n<li>Sem r\u00e1dio FM (exceto nas unidades da T-Mobile nos EUA, at\u00e9 o momento)<\/li>\n<li>Sem IR blaster<\/li>\n<li>Sem alto-falantes est\u00e9reo<\/li>\n<\/ul>\n<p>Se voc\u00ea tiver levado o telefone para um mergulho na banheira, precisar\u00e1 secar a porta de carregamento antes de conect\u00e1-lo. A Samsung n\u00e3o reinventou a roda com o design do Galaxy S7, mas n\u00e3o precisava. O Gala S6 era um dispositivo com um estilo excelente, e o S7 conseguiu melhorar isso.<\/p>","protected":false},"excerpt":{"rendered":"<p>Embodying the Raw, Wayward Spirit of Rock &#8216;N&#8217; Roll Embodying the raw, wayward spirit of rock \u2018n\u2019 roll, the Kilburn portable active stereo speaker takes the unmistakable look and sound of Marshall, unplugs the chords, and takes the show on the road. Weighing in under 7 pounds, the Kilburn is a lightweight piece of vintage&hellip;<\/p>","protected":false},"featured_media":4102,"comment_status":"open","ping_status":"closed","template":"","meta":[],"product_cat":[92],"product_tag":[],"class_list":{"0":"post-2841","1":"product","2":"type-product","3":"status-publish","4":"has-post-thumbnail","6":"product_cat-other-digital-gadgets","8":"first","9":"instock","10":"shipping-taxable","11":"purchasable","12":"product-type-simple","13":"col-xs-6 col-sm-4","14":"col-md-3 col-lg-3","15":"un-4-cols"},"_links":{"self":[{"href":"https:\/\/rhundo.com\/pt\/wp-json\/wp\/v2\/product\/2841","targetHints":{"allow":["GET"]}}],"collection":[{"href":"https:\/\/rhundo.com\/pt\/wp-json\/wp\/v2\/product"}],"about":[{"href":"https:\/\/rhundo.com\/pt\/wp-json\/wp\/v2\/types\/product"}],"replies":[{"embeddable":true,"href":"https:\/\/rhundo.com\/pt\/wp-json\/wp\/v2\/comments?post=2841"}],"wp:featuredmedia":[{"embeddable":true,"href":"https:\/\/rhundo.com\/pt\/wp-json\/wp\/v2\/media\/4102"}],"wp:attachment":[{"href":"https:\/\/rhundo.com\/pt\/wp-json\/wp\/v2\/media?parent=2841"}],"wp:term":[{"taxonomy":"product_cat","embeddable":true,"href":"https:\/\/rhundo.com\/pt\/wp-json\/wp\/v2\/product_cat?post=2841"},{"taxonomy":"product_tag","embeddable":true,"href":"https:\/\/rhundo.com\/pt\/wp-json\/wp\/v2\/product_tag?post=2841"}],"curies":[{"name":"wp","href":"https:\/\/api.w.org\/{rel}","templated":true}]}}